{"id":38,"date":"2021-12-22T18:19:53","date_gmt":"2021-12-22T17:19:53","guid":{"rendered":"https:\/\/nylesourcing.com\/?page_id=38"},"modified":"2022-01-02T17:51:41","modified_gmt":"2022-01-02T16:51:41","slug":"accueil","status":"publish","type":"page","link":"https:\/\/nylesourcing.com\/en\/","title":{"rendered":"Accueil"},"content":{"rendered":"<style>#kt-layout-id_d86019-da{margin-top:0px;margin-bottom:0px;}#kt-layout-id_d86019-da > .kt-row-column-wrap{align-content:start;}:where(#kt-layout-id_d86019-da > .kt-row-column-wrap) > .wp-block-kadence-column{justify-content:start;}#kt-layout-id_d86019-da > .kt-row-column-wrap{column-gap:var(--global-kb-gap-md, 2rem);row-gap:var(--global-kb-gap-md, 2rem);padding-top:var( --global-kb-row-default-top, 25px );padding-bottom:var( --global-kb-row-default-bottom, 25px );padding-top:100px;padding-bottom:500px;grid-template-columns:minmax(0, 1fr);}#kt-layout-id_d86019-da{border-top-left-radius:0px;border-top-right-radius:0px;border-bottom-right-radius:0px;border-bottom-left-radius:0px;}#kt-layout-id_d86019-da{background-color:rgba(248,247,247,0);background-image:url('https:\/\/nylesourcing.com\/wp-content\/uploads\/2021\/12\/chrono_nylesourcing.png');background-size:cover;background-position:center center;background-attachment:scroll;background-repeat:no-repeat;}#kt-layout-id_d86019-da > .kt-row-layout-overlay{opacity:0.00;background-color:#ffffff;background-image:url('https:\/\/nylesourcing.com\/wp-content\/uploads\/2021\/12\/chrono_nylesourcing.png');background-size:cover;background-position:49% 48%;background-attachment:scroll;background-repeat:no-repeat;mix-blend-mode:normal;}#kt-layout-id_d86019-da .kt-row-layout-bottom-sep{height:100px;}#kt-layout-id_d86019-da .kt-row-layout-bottom-sep svg{width:100%;}#kt-layout-id_d86019-da .kt-row-layout-bottom-sep svg{fill:#ffffff!important;}@media all and (max-width: 1024px){#kt-layout-id_d86019-da > .kt-row-column-wrap{grid-template-columns:minmax(0, 1fr);}}@media all and (max-width: 1024px){#kt-layout-id_d86019-da .kt-row-layout-bottom-sep{height:px;}}@media all and (max-width: 1024px){#kt-layout-id_d86019-da .kt-row-layout-bottom-sep svg{width:%;}}@media all and (max-width: 767px){#kt-layout-id_d86019-da > .kt-row-column-wrap{grid-template-columns:minmax(0, 1fr);}#kt-layout-id_d86019-da .kt-row-layout-bottom-sep{height:px;}#kt-layout-id_d86019-da .kt-row-layout-bottom-sep svg{width:%;}}<\/style>\n<div class=\"wp-block-kadence-rowlayout alignwide\"><div id=\"kt-layout-id_d86019-da\" class=\"kt-row-layout-inner kt-row-has-bg kt-layout-id_d86019-da\"><div class=\"kt-row-layout-overlay kt-row-overlay-normal\"><\/div><div class=\"kt-row-column-wrap kt-has-1-columns kt-gutter-default kt-v-gutter-default kt-row-valign-top kt-row-layout-equal kt-tab-layout-inherit kt-m-colapse-left-to-right kt-mobile-layout-row\"><style>.kadence-column_c0f6c7-d6 > .kt-inside-inner-col{border-top-width:0px;border-right-width:0px;border-bottom-width:0px;border-left-width:0px;}.kadence-column_c0f6c7-d6 > .kt-inside-inner-col,.kadence-column_c0f6c7-d6 > .kt-inside-inner-col:before{border-top-left-radius:0px;border-top-right-radius:0px;border-bottom-right-radius:0px;border-bottom-left-radius:0px;}.kadence-column_c0f6c7-d6 > .kt-inside-inner-col{column-gap:var(--global-kb-gap-sm, 1rem);}.kadence-column_c0f6c7-d6 > .kt-inside-inner-col{flex-direction:column;}.kadence-column_c0f6c7-d6 > .kt-inside-inner-col > .aligncenter{width:100%;}.kadence-column_c0f6c7-d6 > .kt-inside-inner-col:before{opacity:0.3;}.kadence-column_c0f6c7-d6{position:relative;}@media all and (max-width: 1024px){.kadence-column_c0f6c7-d6 > .kt-inside-inner-col{flex-direction:column;justify-content:center;}}@media all and (max-width: 767px){.kadence-column_c0f6c7-d6 > .kt-inside-inner-col{flex-direction:column;justify-content:center;}}<\/style>\n<div class=\"wp-block-kadence-column inner-column-1 kadence-column_c0f6c7-d6\"><div class=\"kt-inside-inner-col\"><\/div><\/div>\n<\/div><\/div><\/div>\n\n\n<style>#kt-layout-id_3b8a87-dc{margin-top:0px;margin-bottom:0px;}#kt-layout-id_3b8a87-dc > .kt-row-column-wrap{align-content:start;}:where(#kt-layout-id_3b8a87-dc > .kt-row-column-wrap) > .wp-block-kadence-column{justify-content:start;}#kt-layout-id_3b8a87-dc > .kt-row-column-wrap{column-gap:var(--global-kb-gap-md, 2rem);row-gap:var(--global-kb-gap-md, 2rem);max-width:1368px;margin-left:auto;margin-right:auto;padding-top:var( --global-kb-row-default-top, 25px );padding-bottom:var( --global-kb-row-default-bottom, 25px );padding-top:20px;padding-bottom:10px;}#kt-layout-id_3b8a87-dc > .kt-row-column-wrap > div:not(.added-for-specificity){grid-column:initial;}#kt-layout-id_3b8a87-dc > .kt-row-column-wrap{grid-template-columns:minmax(0, 1fr) minmax(0, 6fr) minmax(0, 1fr);}#kt-layout-id_3b8a87-dc{background-color:#000000;}#kt-layout-id_3b8a87-dc > .kt-row-layout-overlay{opacity:0.30;}#kt-layout-id_3b8a87-dc ,#kt-layout-id_3b8a87-dc h1,#kt-layout-id_3b8a87-dc h2,#kt-layout-id_3b8a87-dc h3,#kt-layout-id_3b8a87-dc h4,#kt-layout-id_3b8a87-dc h5,#kt-layout-id_3b8a87-dc h6{color:var(--global-palette9, #ffffff);}@media all and (max-width: 1024px){#kt-layout-id_3b8a87-dc > .kt-row-column-wrap > div:not(.added-for-specificity){grid-column:initial;}}@media all and (max-width: 1024px){#kt-layout-id_3b8a87-dc > .kt-row-column-wrap{grid-template-columns:minmax(0, 1fr) minmax(0, 6fr) minmax(0, 1fr);}}@media all and (max-width: 767px){#kt-layout-id_3b8a87-dc > .kt-row-column-wrap > div:not(.added-for-specificity){grid-column:initial;}#kt-layout-id_3b8a87-dc > .kt-row-column-wrap{grid-template-columns:minmax(0, 1fr);}}<\/style>\n<div class=\"wp-block-kadence-rowlayout alignwide\"><div id=\"kt-layout-id_3b8a87-dc\" class=\"kt-row-layout-inner kt-row-has-bg kt-layout-id_3b8a87-dc\"><div class=\"kt-row-column-wrap kt-has-3-columns kt-gutter-default kt-v-gutter-default kt-row-valign-top kt-row-layout-center-exwide kt-tab-layout-inherit kt-m-colapse-left-to-right kt-mobile-layout-row\"><style>.kadence-column_1d8b20-3a > .kt-inside-inner-col{border-top-width:0px;border-right-width:0px;border-bottom-width:0px;border-left-width:0px;}.kadence-column_1d8b20-3a > .kt-inside-inner-col,.kadence-column_1d8b20-3a > .kt-inside-inner-col:before{border-top-left-radius:0px;border-top-right-radius:0px;border-bottom-right-radius:0px;border-bottom-left-radius:0px;}.kadence-column_1d8b20-3a > .kt-inside-inner-col{column-gap:var(--global-kb-gap-sm, 1rem);}.kadence-column_1d8b20-3a > .kt-inside-inner-col{flex-direction:column;}.kadence-column_1d8b20-3a > .kt-inside-inner-col > .aligncenter{width:100%;}.kadence-column_1d8b20-3a > .kt-inside-inner-col:before{opacity:0.3;}.kadence-column_1d8b20-3a{position:relative;}@media all and (max-width: 1024px){.kadence-column_1d8b20-3a > .kt-inside-inner-col{flex-direction:column;justify-content:center;}}@media all and (max-width: 767px){.kadence-column_1d8b20-3a > .kt-inside-inner-col{flex-direction:column;justify-content:center;}}<\/style>\n<div class=\"wp-block-kadence-column inner-column-1 kadence-column_1d8b20-3a\"><div class=\"kt-inside-inner-col\">\n<p><\/p>\n\n\n\n<p><\/p>\n\n\n\n<p><\/p>\n\n\n\n<p><\/p>\n<\/div><\/div>\n\n\n<style>.kadence-column_5fe711-64 > .kt-inside-inner-col{border-top-width:0px;border-right-width:0px;border-bottom-width:0px;border-left-width:0px;}.kadence-column_5fe711-64 > .kt-inside-inner-col,.kadence-column_5fe711-64 > .kt-inside-inner-col:before{border-top-left-radius:0px;border-top-right-radius:0px;border-bottom-right-radius:0px;border-bottom-left-radius:0px;}.kadence-column_5fe711-64 > .kt-inside-inner-col{column-gap:var(--global-kb-gap-sm, 1rem);}.kadence-column_5fe711-64 > .kt-inside-inner-col{flex-direction:column;}.kadence-column_5fe711-64 > .kt-inside-inner-col > .aligncenter{width:100%;}.kadence-column_5fe711-64 > .kt-inside-inner-col:before{opacity:0.3;}.kadence-column_5fe711-64{position:relative;}@media all and (max-width: 1024px){.kadence-column_5fe711-64 > .kt-inside-inner-col{flex-direction:column;justify-content:center;}}@media all and (max-width: 767px){.kadence-column_5fe711-64 > .kt-inside-inner-col{flex-direction:column;justify-content:center;}}<\/style>\n<div class=\"wp-block-kadence-column inner-column-2 kadence-column_5fe711-64\"><div class=\"kt-inside-inner-col\">\n<h2 class=\"has-text-align-center wp-block-heading\"><strong><span class=\"has-inline-color has-theme-palette-9-color\">HONOR THE LINES THAT CONNECT US<\/span><\/strong><\/h2>\n\n\n\n<p class=\"has-text-align-center\">         <\/p>\n\n\n\n<p class=\"has-text-align-center\">\u00a9 2021 NYLE SOURCING<\/p>\n\n\n\n<p> <\/p>\n<\/div><\/div>\n\n\n<style>.kadence-column_123a21-3e > .kt-inside-inner-col{border-top-width:0px;border-right-width:0px;border-bottom-width:0px;border-left-width:0px;}.kadence-column_123a21-3e > .kt-inside-inner-col,.kadence-column_123a21-3e > .kt-inside-inner-col:before{border-top-left-radius:0px;border-top-right-radius:0px;border-bottom-right-radius:0px;border-bottom-left-radius:0px;}.kadence-column_123a21-3e > .kt-inside-inner-col{column-gap:var(--global-kb-gap-sm, 1rem);}.kadence-column_123a21-3e > .kt-inside-inner-col{flex-direction:column;}.kadence-column_123a21-3e > .kt-inside-inner-col > .aligncenter{width:100%;}.kadence-column_123a21-3e > .kt-inside-inner-col:before{opacity:0.3;}.kadence-column_123a21-3e{position:relative;}@media all and (max-width: 1024px){.kadence-column_123a21-3e > .kt-inside-inner-col{flex-direction:column;justify-content:center;}}@media all and (max-width: 767px){.kadence-column_123a21-3e > .kt-inside-inner-col{flex-direction:column;justify-content:center;}}<\/style>\n<div class=\"wp-block-kadence-column inner-column-3 kadence-column_123a21-3e\"><div class=\"kt-inside-inner-col\"><\/div><\/div>\n<\/div><\/div><\/div>","protected":false},"excerpt":{"rendered":"<p>HONOR THE LINES THAT CONNECT US \u00a9 2021 NYLE SOURCING<\/p>","protected":false},"author":1,"featured_media":0,"parent":0,"menu_order":0,"comment_status":"closed","ping_status":"closed","template":"","meta":{"_kad_post_transparent":"","_kad_post_title":"hide","_kad_post_layout":"default","_kad_post_sidebar_id":"","_kad_post_content_style":"","_kad_post_vertical_padding":"","_kad_post_feature":"","_kad_post_feature_position":"","_kad_post_header":false,"_kad_post_footer":true,"_kad_post_classname":"","footnotes":""},"class_list":["post-38","page","type-page","status-publish","hentry"],"yoast_head":"<!-- This site is optimized with the Yoast SEO plugin v27.4 - https:\/\/yoast.com\/product\/yoast-seo-wordpress\/ -->\n<title>Accueil - NYLE SOURCING - HONOR THE LINES THAT CONNECT US<\/title>\n<meta name=\"description\" content=\"Consultant en Commerce International sp\u00e9cialis\u00e9 dans l\u2019approvisionnement en produits fran\u00e7ais et europ\u00e9ens pour une client\u00e8le \u00e9trang\u00e8re.\" \/>\n<meta name=\"robots\" content=\"index, follow, max-snippet:-1, max-image-preview:large, max-video-preview:-1\" \/>\n<link rel=\"canonical\" href=\"https:\/\/nylesourcing.com\/en\/\" \/>\n<meta property=\"og:locale\" content=\"en_GB\" \/>\n<meta property=\"og:type\" content=\"article\" \/>\n<meta property=\"og:title\" content=\"Accueil - NYLE SOURCING - HONOR THE LINES THAT CONNECT US\" \/>\n<meta property=\"og:description\" content=\"Consultant en Commerce International sp\u00e9cialis\u00e9 dans l\u2019approvisionnement en produits fran\u00e7ais et europ\u00e9ens pour une client\u00e8le \u00e9trang\u00e8re.\" \/>\n<meta property=\"og:url\" content=\"https:\/\/nylesourcing.com\/en\/\" \/>\n<meta property=\"og:site_name\" content=\"NYLE SOURCING\" \/>\n<meta property=\"article:modified_time\" content=\"2022-01-02T16:51:41+00:00\" \/>\n<meta name=\"twitter:card\" content=\"summary_large_image\" \/>\n<meta name=\"twitter:label1\" content=\"Estimated reading time\" \/>\n\t<meta name=\"twitter:data1\" content=\"1 minute\" \/>\n<script type=\"application\/ld+json\" class=\"yoast-schema-graph\">{\"@context\":\"https:\\\/\\\/schema.org\",\"@graph\":[{\"@type\":\"WebPage\",\"@id\":\"https:\\\/\\\/nylesourcing.com\\\/\",\"url\":\"https:\\\/\\\/nylesourcing.com\\\/\",\"name\":\"Accueil - NYLE SOURCING - HONOR THE LINES THAT CONNECT US\",\"isPartOf\":{\"@id\":\"https:\\\/\\\/nylesourcing.com\\\/#website\"},\"datePublished\":\"2021-12-22T17:19:53+00:00\",\"dateModified\":\"2022-01-02T16:51:41+00:00\",\"description\":\"Consultant en Commerce International sp\u00e9cialis\u00e9 dans l\u2019approvisionnement en produits fran\u00e7ais et europ\u00e9ens pour une client\u00e8le \u00e9trang\u00e8re.\",\"breadcrumb\":{\"@id\":\"https:\\\/\\\/nylesourcing.com\\\/#breadcrumb\"},\"inLanguage\":\"en-GB\",\"potentialAction\":[{\"@type\":\"ReadAction\",\"target\":[\"https:\\\/\\\/nylesourcing.com\\\/\"]}]},{\"@type\":\"BreadcrumbList\",\"@id\":\"https:\\\/\\\/nylesourcing.com\\\/#breadcrumb\",\"itemListElement\":[{\"@type\":\"ListItem\",\"position\":1,\"name\":\"Accueil\",\"item\":\"https:\\\/\\\/nylesourcing.com\\\/\"},{\"@type\":\"ListItem\",\"position\":2,\"name\":\"Accueil\"}]},{\"@type\":\"WebSite\",\"@id\":\"https:\\\/\\\/nylesourcing.com\\\/#website\",\"url\":\"https:\\\/\\\/nylesourcing.com\\\/\",\"name\":\"NYLE SOURCING\",\"description\":\"HONOR THE LINES THAT CONNECT US\",\"publisher\":{\"@id\":\"https:\\\/\\\/nylesourcing.com\\\/#organization\"},\"potentialAction\":[{\"@type\":\"SearchAction\",\"target\":{\"@type\":\"EntryPoint\",\"urlTemplate\":\"https:\\\/\\\/nylesourcing.com\\\/?s={search_term_string}\"},\"query-input\":{\"@type\":\"PropertyValueSpecification\",\"valueRequired\":true,\"valueName\":\"search_term_string\"}}],\"inLanguage\":\"en-GB\"},{\"@type\":\"Organization\",\"@id\":\"https:\\\/\\\/nylesourcing.com\\\/#organization\",\"name\":\"NYLE SOURCING\",\"url\":\"https:\\\/\\\/nylesourcing.com\\\/\",\"logo\":{\"@type\":\"ImageObject\",\"inLanguage\":\"en-GB\",\"@id\":\"https:\\\/\\\/nylesourcing.com\\\/#\\\/schema\\\/logo\\\/image\\\/\",\"url\":\"https:\\\/\\\/nylesourcing.com\\\/wp-content\\\/uploads\\\/2021\\\/12\\\/cropped-logo-nyle-sourcing.jpg\",\"contentUrl\":\"https:\\\/\\\/nylesourcing.com\\\/wp-content\\\/uploads\\\/2021\\\/12\\\/cropped-logo-nyle-sourcing.jpg\",\"width\":512,\"height\":512,\"caption\":\"NYLE SOURCING\"},\"image\":{\"@id\":\"https:\\\/\\\/nylesourcing.com\\\/#\\\/schema\\\/logo\\\/image\\\/\"}}]}<\/script>\n<!-- \/ Yoast SEO plugin. -->","yoast_head_json":{"title":"Accueil - NYLE SOURCING - HONOR THE LINES THAT CONNECT US","description":"International Trade Specialist in the supply of industrial goods made in France, Europe and Africa to Foreign customers.","robots":{"index":"index","follow":"follow","max-snippet":"max-snippet:-1","max-image-preview":"max-image-preview:large","max-video-preview":"max-video-preview:-1"},"canonical":"https:\/\/nylesourcing.com\/en\/","og_locale":"en_GB","og_type":"article","og_title":"Accueil - NYLE SOURCING - HONOR THE LINES THAT CONNECT US","og_description":"Consultant en Commerce International sp\u00e9cialis\u00e9 dans l\u2019approvisionnement en produits fran\u00e7ais et europ\u00e9ens pour une client\u00e8le \u00e9trang\u00e8re.","og_url":"https:\/\/nylesourcing.com\/en\/","og_site_name":"NYLE SOURCING","article_modified_time":"2022-01-02T16:51:41+00:00","twitter_card":"summary_large_image","twitter_misc":{"Estimated reading time":"1 minute"},"schema":{"@context":"https:\/\/schema.org","@graph":[{"@type":"WebPage","@id":"https:\/\/nylesourcing.com\/","url":"https:\/\/nylesourcing.com\/","name":"Accueil - NYLE SOURCING - HONOR THE LINES THAT CONNECT US","isPartOf":{"@id":"https:\/\/nylesourcing.com\/#website"},"datePublished":"2021-12-22T17:19:53+00:00","dateModified":"2022-01-02T16:51:41+00:00","description":"International Trade Specialist in the supply of industrial goods made in France, Europe and Africa to Foreign customers.","breadcrumb":{"@id":"https:\/\/nylesourcing.com\/#breadcrumb"},"inLanguage":"en-GB","potentialAction":[{"@type":"ReadAction","target":["https:\/\/nylesourcing.com\/"]}]},{"@type":"BreadcrumbList","@id":"https:\/\/nylesourcing.com\/#breadcrumb","itemListElement":[{"@type":"ListItem","position":1,"name":"Accueil","item":"https:\/\/nylesourcing.com\/"},{"@type":"ListItem","position":2,"name":"Accueil"}]},{"@type":"WebSite","@id":"https:\/\/nylesourcing.com\/#website","url":"https:\/\/nylesourcing.com\/","name":"NYLE SOURCING","description":"HONOR THE LINES THAT CONNECT US","publisher":{"@id":"https:\/\/nylesourcing.com\/#organization"},"potentialAction":[{"@type":"SearchAction","target":{"@type":"EntryPoint","urlTemplate":"https:\/\/nylesourcing.com\/?s={search_term_string}"},"query-input":{"@type":"PropertyValueSpecification","valueRequired":true,"valueName":"search_term_string"}}],"inLanguage":"en-GB"},{"@type":"Organization","@id":"https:\/\/nylesourcing.com\/#organization","name":"NYLE SOURCING","url":"https:\/\/nylesourcing.com\/","logo":{"@type":"ImageObject","inLanguage":"en-GB","@id":"https:\/\/nylesourcing.com\/#\/schema\/logo\/image\/","url":"https:\/\/nylesourcing.com\/wp-content\/uploads\/2021\/12\/cropped-logo-nyle-sourcing.jpg","contentUrl":"https:\/\/nylesourcing.com\/wp-content\/uploads\/2021\/12\/cropped-logo-nyle-sourcing.jpg","width":512,"height":512,"caption":"NYLE SOURCING"},"image":{"@id":"https:\/\/nylesourcing.com\/#\/schema\/logo\/image\/"}}]}},"_links":{"self":[{"href":"https:\/\/nylesourcing.com\/en\/wp-json\/wp\/v2\/pages\/38","targetHints":{"allow":["GET"]}}],"collection":[{"href":"https:\/\/nylesourcing.com\/en\/wp-json\/wp\/v2\/pages"}],"about":[{"href":"https:\/\/nylesourcing.com\/en\/wp-json\/wp\/v2\/types\/page"}],"author":[{"embeddable":true,"href":"https:\/\/nylesourcing.com\/en\/wp-json\/wp\/v2\/users\/1"}],"replies":[{"embeddable":true,"href":"https:\/\/nylesourcing.com\/en\/wp-json\/wp\/v2\/comments?post=38"}],"version-history":[{"count":33,"href":"https:\/\/nylesourcing.com\/en\/wp-json\/wp\/v2\/pages\/38\/revisions"}],"predecessor-version":[{"id":212,"href":"https:\/\/nylesourcing.com\/en\/wp-json\/wp\/v2\/pages\/38\/revisions\/212"}],"wp:attachment":[{"href":"https:\/\/nylesourcing.com\/en\/wp-json\/wp\/v2\/media?parent=38"}],"curies":[{"name":"wp","href":"https:\/\/api.w.org\/{rel}","templated":true}]}}