{"id":33,"date":"2021-12-22T18:15:26","date_gmt":"2021-12-22T17:15:26","guid":{"rendered":"https:\/\/nylesourcing.com\/?page_id=33"},"modified":"2025-02-11T16:15:15","modified_gmt":"2025-02-11T15:15:15","slug":"conseil-dentreprise","status":"publish","type":"page","link":"https:\/\/nylesourcing.com\/en\/conseil-dentreprise\/","title":{"rendered":"Business Consulting"},"content":{"rendered":"<style>.kb-row-layout-id33_7c2203-8b > .kt-row-column-wrap{align-content:start;}:where(.kb-row-layout-id33_7c2203-8b > .kt-row-column-wrap) > .wp-block-kadence-column{justify-content:start;}.kb-row-layout-id33_7c2203-8b > .kt-row-column-wrap{column-gap:var(--global-kb-gap-md, 2rem);row-gap:var(--global-kb-gap-md, 2rem);padding-top:var(--global-kb-spacing-sm, 1.5rem);padding-bottom:var(--global-kb-spacing-sm, 1.5rem);grid-template-columns:minmax(0, 2fr) minmax(0, 1fr);}.kb-row-layout-id33_7c2203-8b > .kt-row-layout-overlay{opacity:0.30;}@media all and (max-width: 1024px){.kb-row-layout-id33_7c2203-8b > .kt-row-column-wrap{grid-template-columns:minmax(0, 2fr) minmax(0, 1fr);}}@media all and (max-width: 767px){.kb-row-layout-id33_7c2203-8b > .kt-row-column-wrap{grid-template-columns:minmax(0, 1fr);}}<\/style><div class=\"kb-row-layout-wrap kb-row-layout-id33_7c2203-8b alignnone wp-block-kadence-rowlayout\"><div class=\"kt-row-column-wrap kt-has-2-columns kt-row-layout-left-golden kt-tab-layout-inherit kt-mobile-layout-row kt-row-valign-top\">\n<style>.kadence-column33_5b3eb5-cd > .kt-inside-inner-col,.kadence-column33_5b3eb5-cd > .kt-inside-inner-col:before{border-top-left-radius:0px;border-top-right-radius:0px;border-bottom-right-radius:0px;border-bottom-left-radius:0px;}.kadence-column33_5b3eb5-cd > .kt-inside-inner-col{column-gap:var(--global-kb-gap-sm, 1rem);}.kadence-column33_5b3eb5-cd > .kt-inside-inner-col{flex-direction:column;}.kadence-column33_5b3eb5-cd > .kt-inside-inner-col > .aligncenter{width:100%;}.kadence-column33_5b3eb5-cd > .kt-inside-inner-col:before{opacity:0.3;}.kadence-column33_5b3eb5-cd{position:relative;}@media all and (max-width: 1024px){.kadence-column33_5b3eb5-cd > .kt-inside-inner-col{flex-direction:column;justify-content:center;}}@media all and (max-width: 767px){.kadence-column33_5b3eb5-cd > .kt-inside-inner-col{flex-direction:column;justify-content:center;}}<\/style>\n<div class=\"wp-block-kadence-column kadence-column33_5b3eb5-cd inner-column-1\"><div class=\"kt-inside-inner-col\">\n<ul class=\"wp-block-list\">\n<li>Strategic Consulting. <\/li>\n\n\n\n<li>Webconferences: private or in a group for the latest news in your business sector and find out the opportunities.<\/li>\n<\/ul>\n\n\n\n<ul class=\"wp-block-list\">\n<li>Market studies of potential Suppliers in France, Europe and Africa.<\/li>\n<\/ul>\n\n\n\n<ul class=\"wp-block-list\">\n<li>Meeting place for Entrepreneurs to promote investment opportunities and partnerships.<\/li>\n<\/ul>\n\n\n\n<ul class=\"wp-block-list\">\n<li>Making appointments with French or European Suppliers, organization of meetings, translation of documents. <br>Escorting &amp; chauffeuring service during business trip in France and Europe: suppliers visits, fairs, forums and conference.<\/li>\n<\/ul>\n\n\n\n<p><strong>Expanding a company internationally<\/strong>&nbsp;:<br>\u2013 Search for Economic opportunities (Customers, Distributors, and local Partners).<br>\u2013 Implementation of the Marketing and Commercial Plan, application market by market.<br>\u2013 Trainings, Webinars: Incoterms\u00ae 2020 (11 International Commercial Terms) and means of international payment.<br>\u2013 Identify Partners\/Investors or Financing (type of financing) for Projects with high added value.<\/p>\n\n\n\n<p><\/p>\n\n\n\n<p><\/p>\n\n\n\n<p><\/p>\n<\/div><\/div>\n\n\n<style>.kadence-column33_8f4e47-92 > .kt-inside-inner-col,.kadence-column33_8f4e47-92 > .kt-inside-inner-col:before{border-top-left-radius:0px;border-top-right-radius:0px;border-bottom-right-radius:0px;border-bottom-left-radius:0px;}.kadence-column33_8f4e47-92 > .kt-inside-inner-col{column-gap:var(--global-kb-gap-sm, 1rem);}.kadence-column33_8f4e47-92 > .kt-inside-inner-col{flex-direction:column;}.kadence-column33_8f4e47-92 > .kt-inside-inner-col > .aligncenter{width:100%;}.kadence-column33_8f4e47-92 > .kt-inside-inner-col:before{opacity:0.3;}.kadence-column33_8f4e47-92{position:relative;}@media all and (max-width: 1024px){.kadence-column33_8f4e47-92 > .kt-inside-inner-col{flex-direction:column;justify-content:center;}}@media all and (max-width: 767px){.kadence-column33_8f4e47-92 > .kt-inside-inner-col{flex-direction:column;justify-content:center;}}<\/style>\n<div class=\"wp-block-kadence-column kadence-column33_8f4e47-92 inner-column-2\"><div class=\"kt-inside-inner-col\"><div class=\"wp-block-image\">\n<figure class=\"aligncenter size-large\"><img loading=\"lazy\" decoding=\"async\" width=\"1024\" height=\"352\" src=\"https:\/\/nylesourcing.com\/wp-content\/uploads\/2021\/12\/question-gafc28eb96_1280-1024x352.png\" alt=\"\" class=\"wp-image-147\" srcset=\"https:\/\/nylesourcing.com\/wp-content\/uploads\/2021\/12\/question-gafc28eb96_1280-1024x352.png 1024w, https:\/\/nylesourcing.com\/wp-content\/uploads\/2021\/12\/question-gafc28eb96_1280-300x103.png 300w, https:\/\/nylesourcing.com\/wp-content\/uploads\/2021\/12\/question-gafc28eb96_1280-768x264.png 768w, https:\/\/nylesourcing.com\/wp-content\/uploads\/2021\/12\/question-gafc28eb96_1280-18x6.png 18w, https:\/\/nylesourcing.com\/wp-content\/uploads\/2021\/12\/question-gafc28eb96_1280.png 1280w\" sizes=\"auto, (max-width: 1024px) 100vw, 1024px\" \/><\/figure>\n<\/div><\/div><\/div>\n\n<\/div><\/div>","protected":false},"excerpt":{"rendered":"<p>D\u00e9velopper l\u2019expansion internationale d\u2019une Entreprise&nbsp;:&#8211; Recherche de d\u00e9bouch\u00e9s (Clients, Distributeurs, Partenaires locaux).&#8211; Mise en place du Plan Marketing et Commercial, application march\u00e9 par march\u00e9.&#8211; Formations, Webinaires: Incoterms\u00ae 2020 (11 International Commercial Terms) et moyens de paiement \u00e0 l\u2019international.&#8211; Identifier des Partenaires\/Investisseurs ou des Financements (type de financement) pour des Projets \u00e0 forte valeur ajout\u00e9e.<\/p>","protected":false},"author":1,"featured_media":0,"parent":0,"menu_order":0,"comment_status":"closed","ping_status":"closed","template":"","meta":{"_kad_post_transparent":"","_kad_post_title":"","_kad_post_layout":"","_kad_post_sidebar_id":"","_kad_post_content_style":"","_kad_post_vertical_padding":"","_kad_post_feature":"","_kad_post_feature_position":"","_kad_post_header":false,"_kad_post_footer":false,"_kad_post_classname":"","footnotes":""},"class_list":["post-33","page","type-page","status-publish","hentry"],"yoast_head":"<!-- This site is optimized with the Yoast SEO plugin v27.4 - https:\/\/yoast.com\/product\/yoast-seo-wordpress\/ -->\n<title>Conseil aux Entreprises - NYLE SOURCING<\/title>\n<meta name=\"description\" content=\"Nos conseils aux entreprises sont entre autres l&#039;\u00c9tude de march\u00e9 d\u00e9taill\u00e9 de fournisseurs potentiels en France et en Europe.\" \/>\n<meta name=\"robots\" content=\"index, follow, max-snippet:-1, max-image-preview:large, max-video-preview:-1\" \/>\n<link rel=\"canonical\" href=\"https:\/\/nylesourcing.com\/en\/conseil-dentreprise\/\" \/>\n<meta property=\"og:locale\" content=\"en_GB\" \/>\n<meta property=\"og:type\" content=\"article\" \/>\n<meta property=\"og:title\" content=\"Conseil aux Entreprises - NYLE SOURCING\" \/>\n<meta property=\"og:description\" content=\"Nos conseils aux entreprises sont entre autres l&#039;\u00c9tude de march\u00e9 d\u00e9taill\u00e9 de fournisseurs potentiels en France et en Europe.\" \/>\n<meta property=\"og:url\" content=\"https:\/\/nylesourcing.com\/en\/conseil-dentreprise\/\" \/>\n<meta property=\"og:site_name\" content=\"NYLE SOURCING\" \/>\n<meta property=\"article:modified_time\" content=\"2025-02-11T15:15:15+00:00\" \/>\n<meta property=\"og:image\" content=\"https:\/\/nylesourcing.com\/wp-content\/uploads\/2021\/12\/question-gafc28eb96_1280.png\" \/>\n\t<meta property=\"og:image:width\" content=\"1280\" \/>\n\t<meta property=\"og:image:height\" content=\"440\" \/>\n\t<meta property=\"og:image:type\" content=\"image\/png\" \/>\n<meta name=\"twitter:card\" content=\"summary_large_image\" \/>\n<meta name=\"twitter:label1\" content=\"Estimated reading time\" \/>\n\t<meta name=\"twitter:data1\" content=\"1 minute\" \/>\n<script type=\"application\/ld+json\" class=\"yoast-schema-graph\">{\"@context\":\"https:\\\/\\\/schema.org\",\"@graph\":[{\"@type\":\"WebPage\",\"@id\":\"https:\\\/\\\/nylesourcing.com\\\/conseil-dentreprise\\\/\",\"url\":\"https:\\\/\\\/nylesourcing.com\\\/conseil-dentreprise\\\/\",\"name\":\"Conseil aux Entreprises - NYLE SOURCING\",\"isPartOf\":{\"@id\":\"https:\\\/\\\/nylesourcing.com\\\/#website\"},\"primaryImageOfPage\":{\"@id\":\"https:\\\/\\\/nylesourcing.com\\\/conseil-dentreprise\\\/#primaryimage\"},\"image\":{\"@id\":\"https:\\\/\\\/nylesourcing.com\\\/conseil-dentreprise\\\/#primaryimage\"},\"thumbnailUrl\":\"https:\\\/\\\/nylesourcing.com\\\/wp-content\\\/uploads\\\/2021\\\/12\\\/question-gafc28eb96_1280-1024x352.png\",\"datePublished\":\"2021-12-22T17:15:26+00:00\",\"dateModified\":\"2025-02-11T15:15:15+00:00\",\"description\":\"Nos conseils aux entreprises sont entre autres l'\u00c9tude de march\u00e9 d\u00e9taill\u00e9 de fournisseurs potentiels en France et en Europe.\",\"breadcrumb\":{\"@id\":\"https:\\\/\\\/nylesourcing.com\\\/conseil-dentreprise\\\/#breadcrumb\"},\"inLanguage\":\"en-GB\",\"potentialAction\":[{\"@type\":\"ReadAction\",\"target\":[\"https:\\\/\\\/nylesourcing.com\\\/conseil-dentreprise\\\/\"]}]},{\"@type\":\"ImageObject\",\"inLanguage\":\"en-GB\",\"@id\":\"https:\\\/\\\/nylesourcing.com\\\/conseil-dentreprise\\\/#primaryimage\",\"url\":\"https:\\\/\\\/nylesourcing.com\\\/wp-content\\\/uploads\\\/2021\\\/12\\\/question-gafc28eb96_1280-1024x352.png\",\"contentUrl\":\"https:\\\/\\\/nylesourcing.com\\\/wp-content\\\/uploads\\\/2021\\\/12\\\/question-gafc28eb96_1280-1024x352.png\"},{\"@type\":\"BreadcrumbList\",\"@id\":\"https:\\\/\\\/nylesourcing.com\\\/conseil-dentreprise\\\/#breadcrumb\",\"itemListElement\":[{\"@type\":\"ListItem\",\"position\":1,\"name\":\"Accueil\",\"item\":\"https:\\\/\\\/nylesourcing.com\\\/\"},{\"@type\":\"ListItem\",\"position\":2,\"name\":\"Conseil aux Entreprises\"}]},{\"@type\":\"WebSite\",\"@id\":\"https:\\\/\\\/nylesourcing.com\\\/#website\",\"url\":\"https:\\\/\\\/nylesourcing.com\\\/\",\"name\":\"NYLE SOURCING\",\"description\":\"HONOR THE LINES THAT CONNECT US\",\"publisher\":{\"@id\":\"https:\\\/\\\/nylesourcing.com\\\/#organization\"},\"potentialAction\":[{\"@type\":\"SearchAction\",\"target\":{\"@type\":\"EntryPoint\",\"urlTemplate\":\"https:\\\/\\\/nylesourcing.com\\\/?s={search_term_string}\"},\"query-input\":{\"@type\":\"PropertyValueSpecification\",\"valueRequired\":true,\"valueName\":\"search_term_string\"}}],\"inLanguage\":\"en-GB\"},{\"@type\":\"Organization\",\"@id\":\"https:\\\/\\\/nylesourcing.com\\\/#organization\",\"name\":\"NYLE SOURCING\",\"url\":\"https:\\\/\\\/nylesourcing.com\\\/\",\"logo\":{\"@type\":\"ImageObject\",\"inLanguage\":\"en-GB\",\"@id\":\"https:\\\/\\\/nylesourcing.com\\\/#\\\/schema\\\/logo\\\/image\\\/\",\"url\":\"https:\\\/\\\/nylesourcing.com\\\/wp-content\\\/uploads\\\/2021\\\/12\\\/cropped-logo-nyle-sourcing.jpg\",\"contentUrl\":\"https:\\\/\\\/nylesourcing.com\\\/wp-content\\\/uploads\\\/2021\\\/12\\\/cropped-logo-nyle-sourcing.jpg\",\"width\":512,\"height\":512,\"caption\":\"NYLE SOURCING\"},\"image\":{\"@id\":\"https:\\\/\\\/nylesourcing.com\\\/#\\\/schema\\\/logo\\\/image\\\/\"}}]}<\/script>\n<!-- \/ Yoast SEO plugin. -->","yoast_head_json":{"title":"Conseil aux Entreprises - NYLE SOURCING","description":"Nos conseils aux entreprises sont entre autres l'\u00c9tude de march\u00e9 d\u00e9taill\u00e9 de fournisseurs potentiels en France et en Europe.","robots":{"index":"index","follow":"follow","max-snippet":"max-snippet:-1","max-image-preview":"max-image-preview:large","max-video-preview":"max-video-preview:-1"},"canonical":"https:\/\/nylesourcing.com\/en\/conseil-dentreprise\/","og_locale":"en_GB","og_type":"article","og_title":"Conseil aux Entreprises - NYLE SOURCING","og_description":"Nos conseils aux entreprises sont entre autres l'\u00c9tude de march\u00e9 d\u00e9taill\u00e9 de fournisseurs potentiels en France et en Europe.","og_url":"https:\/\/nylesourcing.com\/en\/conseil-dentreprise\/","og_site_name":"NYLE SOURCING","article_modified_time":"2025-02-11T15:15:15+00:00","og_image":[{"width":1280,"height":440,"url":"https:\/\/nylesourcing.com\/wp-content\/uploads\/2021\/12\/question-gafc28eb96_1280.png","type":"image\/png"}],"twitter_card":"summary_large_image","twitter_misc":{"Estimated reading time":"1 minute"},"schema":{"@context":"https:\/\/schema.org","@graph":[{"@type":"WebPage","@id":"https:\/\/nylesourcing.com\/conseil-dentreprise\/","url":"https:\/\/nylesourcing.com\/conseil-dentreprise\/","name":"Conseil aux Entreprises - NYLE SOURCING","isPartOf":{"@id":"https:\/\/nylesourcing.com\/#website"},"primaryImageOfPage":{"@id":"https:\/\/nylesourcing.com\/conseil-dentreprise\/#primaryimage"},"image":{"@id":"https:\/\/nylesourcing.com\/conseil-dentreprise\/#primaryimage"},"thumbnailUrl":"https:\/\/nylesourcing.com\/wp-content\/uploads\/2021\/12\/question-gafc28eb96_1280-1024x352.png","datePublished":"2021-12-22T17:15:26+00:00","dateModified":"2025-02-11T15:15:15+00:00","description":"Nos conseils aux entreprises sont entre autres l'\u00c9tude de march\u00e9 d\u00e9taill\u00e9 de fournisseurs potentiels en France et en Europe.","breadcrumb":{"@id":"https:\/\/nylesourcing.com\/conseil-dentreprise\/#breadcrumb"},"inLanguage":"en-GB","potentialAction":[{"@type":"ReadAction","target":["https:\/\/nylesourcing.com\/conseil-dentreprise\/"]}]},{"@type":"ImageObject","inLanguage":"en-GB","@id":"https:\/\/nylesourcing.com\/conseil-dentreprise\/#primaryimage","url":"https:\/\/nylesourcing.com\/wp-content\/uploads\/2021\/12\/question-gafc28eb96_1280-1024x352.png","contentUrl":"https:\/\/nylesourcing.com\/wp-content\/uploads\/2021\/12\/question-gafc28eb96_1280-1024x352.png"},{"@type":"BreadcrumbList","@id":"https:\/\/nylesourcing.com\/conseil-dentreprise\/#breadcrumb","itemListElement":[{"@type":"ListItem","position":1,"name":"Accueil","item":"https:\/\/nylesourcing.com\/"},{"@type":"ListItem","position":2,"name":"Conseil aux Entreprises"}]},{"@type":"WebSite","@id":"https:\/\/nylesourcing.com\/#website","url":"https:\/\/nylesourcing.com\/","name":"NYLE SOURCING","description":"HONOR THE LINES THAT CONNECT US","publisher":{"@id":"https:\/\/nylesourcing.com\/#organization"},"potentialAction":[{"@type":"SearchAction","target":{"@type":"EntryPoint","urlTemplate":"https:\/\/nylesourcing.com\/?s={search_term_string}"},"query-input":{"@type":"PropertyValueSpecification","valueRequired":true,"valueName":"search_term_string"}}],"inLanguage":"en-GB"},{"@type":"Organization","@id":"https:\/\/nylesourcing.com\/#organization","name":"NYLE SOURCING","url":"https:\/\/nylesourcing.com\/","logo":{"@type":"ImageObject","inLanguage":"en-GB","@id":"https:\/\/nylesourcing.com\/#\/schema\/logo\/image\/","url":"https:\/\/nylesourcing.com\/wp-content\/uploads\/2021\/12\/cropped-logo-nyle-sourcing.jpg","contentUrl":"https:\/\/nylesourcing.com\/wp-content\/uploads\/2021\/12\/cropped-logo-nyle-sourcing.jpg","width":512,"height":512,"caption":"NYLE SOURCING"},"image":{"@id":"https:\/\/nylesourcing.com\/#\/schema\/logo\/image\/"}}]}},"_links":{"self":[{"href":"https:\/\/nylesourcing.com\/en\/wp-json\/wp\/v2\/pages\/33","targetHints":{"allow":["GET"]}}],"collection":[{"href":"https:\/\/nylesourcing.com\/en\/wp-json\/wp\/v2\/pages"}],"about":[{"href":"https:\/\/nylesourcing.com\/en\/wp-json\/wp\/v2\/types\/page"}],"author":[{"embeddable":true,"href":"https:\/\/nylesourcing.com\/en\/wp-json\/wp\/v2\/users\/1"}],"replies":[{"embeddable":true,"href":"https:\/\/nylesourcing.com\/en\/wp-json\/wp\/v2\/comments?post=33"}],"version-history":[{"count":27,"href":"https:\/\/nylesourcing.com\/en\/wp-json\/wp\/v2\/pages\/33\/revisions"}],"predecessor-version":[{"id":305,"href":"https:\/\/nylesourcing.com\/en\/wp-json\/wp\/v2\/pages\/33\/revisions\/305"}],"wp:attachment":[{"href":"https:\/\/nylesourcing.com\/en\/wp-json\/wp\/v2\/media?parent=33"}],"curies":[{"name":"wp","href":"https:\/\/api.w.org\/{rel}","templated":true}]}}