{"id":25,"date":"2021-12-22T00:16:27","date_gmt":"2021-12-21T23:16:27","guid":{"rendered":"https:\/\/nylesourcing.com\/?page_id=25"},"modified":"2025-02-11T16:33:05","modified_gmt":"2025-02-11T15:33:05","slug":"la-societe","status":"publish","type":"page","link":"https:\/\/nylesourcing.com\/en\/la-societe\/","title":{"rendered":"Company profile"},"content":{"rendered":"<style>.kb-row-layout-id25_c8ddd5-64 > .kt-row-column-wrap{align-content:start;}:where(.kb-row-layout-id25_c8ddd5-64 > .kt-row-column-wrap) > .wp-block-kadence-column{justify-content:start;}.kb-row-layout-id25_c8ddd5-64 > .kt-row-column-wrap{column-gap:var(--global-kb-gap-md, 2rem);row-gap:var(--global-kb-gap-md, 2rem);padding-top:var(--global-kb-spacing-sm, 1.5rem);padding-bottom:var(--global-kb-spacing-sm, 1.5rem);grid-template-columns:minmax(0, 2fr) minmax(0, 1fr);}.kb-row-layout-id25_c8ddd5-64 > .kt-row-layout-overlay{opacity:0.30;}@media all and (max-width: 1024px){.kb-row-layout-id25_c8ddd5-64 > .kt-row-column-wrap{grid-template-columns:minmax(0, 2fr) minmax(0, 1fr);}}@media all and (max-width: 767px){.kb-row-layout-id25_c8ddd5-64 > .kt-row-column-wrap{grid-template-columns:minmax(0, 1fr);}}<\/style><div class=\"kb-row-layout-wrap kb-row-layout-id25_c8ddd5-64 alignnone wp-block-kadence-rowlayout\"><div class=\"kt-row-column-wrap kt-has-2-columns kt-row-layout-left-golden kt-tab-layout-inherit kt-mobile-layout-row kt-row-valign-top\">\n<style>.kadence-column25_b962eb-a3 > .kt-inside-inner-col,.kadence-column25_b962eb-a3 > .kt-inside-inner-col:before{border-top-left-radius:0px;border-top-right-radius:0px;border-bottom-right-radius:0px;border-bottom-left-radius:0px;}.kadence-column25_b962eb-a3 > .kt-inside-inner-col{column-gap:var(--global-kb-gap-sm, 1rem);}.kadence-column25_b962eb-a3 > .kt-inside-inner-col{flex-direction:column;}.kadence-column25_b962eb-a3 > .kt-inside-inner-col > .aligncenter{width:100%;}.kadence-column25_b962eb-a3 > .kt-inside-inner-col:before{opacity:0.3;}.kadence-column25_b962eb-a3{position:relative;}@media all and (max-width: 1024px){.kadence-column25_b962eb-a3 > .kt-inside-inner-col{flex-direction:column;justify-content:center;}}@media all and (max-width: 767px){.kadence-column25_b962eb-a3 > .kt-inside-inner-col{flex-direction:column;justify-content:center;}}<\/style>\n<div class=\"wp-block-kadence-column kadence-column25_b962eb-a3 inner-column-1\"><div class=\"kt-inside-inner-col\">\n<p>International Trade Specialist in the supply of industrial goods made in France, Europe and Africa to Businesses, Entrepreneurs and Craftspersons.<\/p>\n\n\n\n<p>Nyle Sourcing will be your partner in every step to manage these costs that affect the purchasing cycle is of a paramount importance, only a good network enables to get on time the right product, equipment and production Technologies from the country of origin until the delivery to your premises.<\/p>\n\n\n\n<p class=\"translation-block\">With 18 years experience in Trade and International Affairs, started in London, in the United Kingdom inside the Diplomatic Services towards Embassies and High Commissions, then working for French and European Manufacturers (<strong>Original Equipment Manufacturer<\/strong>), Nyle Sourcing will save your time.<\/p>\n\n\n\n<p>And we are aware that your time is valuable.<\/p>\n\n\n\n<p>Vid\u00e9o: <a href=\"https:\/\/www.youtube.com\/shorts\/bjQP5tCPS_0?fbclid=IwZXh0bgNhZW0CMTAAAR3lmcFFxk9CXGoI1MH6KcbhBL08M-vgxJYkkSSJqA1o1y9ezxbO1KOLqnk_aem_5ElnkYU43euTYUOvICQABg\" target=\"_blank\" rel=\"noreferrer noopener\">https:\/\/www.youtube.com\/shorts\/bjQP5tCPS_0<\/a><\/p>\n<\/div><\/div>\n\n\n<style>.kadence-column25_eb70df-1a > .kt-inside-inner-col,.kadence-column25_eb70df-1a > .kt-inside-inner-col:before{border-top-left-radius:0px;border-top-right-radius:0px;border-bottom-right-radius:0px;border-bottom-left-radius:0px;}.kadence-column25_eb70df-1a > .kt-inside-inner-col{column-gap:var(--global-kb-gap-sm, 1rem);}.kadence-column25_eb70df-1a > .kt-inside-inner-col{flex-direction:column;}.kadence-column25_eb70df-1a > .kt-inside-inner-col > .aligncenter{width:100%;}.kadence-column25_eb70df-1a > .kt-inside-inner-col:before{opacity:0.3;}.kadence-column25_eb70df-1a{position:relative;}@media all and (max-width: 1024px){.kadence-column25_eb70df-1a > .kt-inside-inner-col{flex-direction:column;justify-content:center;}}@media all and (max-width: 767px){.kadence-column25_eb70df-1a > .kt-inside-inner-col{flex-direction:column;justify-content:center;}}<\/style>\n<div class=\"wp-block-kadence-column kadence-column25_eb70df-1a inner-column-2\"><div class=\"kt-inside-inner-col\"><div class=\"wp-block-image\">\n<figure class=\"aligncenter size-large\"><img loading=\"lazy\" decoding=\"async\" width=\"1024\" height=\"682\" src=\"https:\/\/nylesourcing.com\/wp-content\/uploads\/2021\/12\/transportation-gfc6bfad99_1280-1024x682.jpg\" alt=\"\" class=\"wp-image-171\" srcset=\"https:\/\/nylesourcing.com\/wp-content\/uploads\/2021\/12\/transportation-gfc6bfad99_1280-1024x682.jpg 1024w, https:\/\/nylesourcing.com\/wp-content\/uploads\/2021\/12\/transportation-gfc6bfad99_1280-300x200.jpg 300w, https:\/\/nylesourcing.com\/wp-content\/uploads\/2021\/12\/transportation-gfc6bfad99_1280-768x512.jpg 768w, https:\/\/nylesourcing.com\/wp-content\/uploads\/2021\/12\/transportation-gfc6bfad99_1280-18x12.jpg 18w, https:\/\/nylesourcing.com\/wp-content\/uploads\/2021\/12\/transportation-gfc6bfad99_1280.jpg 1280w\" sizes=\"auto, (max-width: 1024px) 100vw, 1024px\" \/><\/figure>\n<\/div><\/div><\/div>\n\n<\/div><\/div>","protected":false},"excerpt":{"rendered":"<p>Consultant en Commerce International sp\u00e9cialis\u00e9 dans l\u2019approvisionnement en produits Fran\u00e7ais, Europ\u00e9ens et du Continent Africain pour les Entreprises, Entrepreneurs et Artisans. Nyle Sourcing sera votre facilitateur dans toutes les \u00e9tapes pour ma\u00eetriser ces co\u00fbts qui jouent sur le cycle d\u2019approvisionnement en produits, \u00e9quipements et technologies de production jusqu\u2019\u00e0 la livraison dans vos locaux. Fort de&#8230;<\/p>","protected":false},"author":1,"featured_media":0,"parent":0,"menu_order":0,"comment_status":"closed","ping_status":"closed","template":"","meta":{"_kad_post_transparent":"","_kad_post_title":"","_kad_post_layout":"","_kad_post_sidebar_id":"","_kad_post_content_style":"","_kad_post_vertical_padding":"","_kad_post_feature":"","_kad_post_feature_position":"","_kad_post_header":false,"_kad_post_footer":false,"_kad_post_classname":"","footnotes":""},"class_list":["post-25","page","type-page","status-publish","hentry"],"yoast_head":"<!-- This site is optimized with the Yoast SEO plugin v27.4 - https:\/\/yoast.com\/product\/yoast-seo-wordpress\/ -->\n<title>La Soci\u00e9t\u00e9 - NYLE SOURCING -<\/title>\n<meta name=\"description\" content=\"NYLE SOURCING, la soci\u00e9t\u00e9 qui sera votre facilitateur dans le cycle d\u2019approvisionnement en produits, jusqu\u2019\u00e0 la livraison dans vos locaux.\" \/>\n<meta name=\"robots\" content=\"index, follow, max-snippet:-1, max-image-preview:large, max-video-preview:-1\" \/>\n<link rel=\"canonical\" href=\"https:\/\/nylesourcing.com\/en\/la-societe\/\" \/>\n<meta property=\"og:locale\" content=\"en_GB\" \/>\n<meta property=\"og:type\" content=\"article\" \/>\n<meta property=\"og:title\" content=\"La Soci\u00e9t\u00e9 - NYLE SOURCING -\" \/>\n<meta property=\"og:description\" content=\"NYLE SOURCING, la soci\u00e9t\u00e9 qui sera votre facilitateur dans le cycle d\u2019approvisionnement en produits, jusqu\u2019\u00e0 la livraison dans vos locaux.\" \/>\n<meta property=\"og:url\" content=\"https:\/\/nylesourcing.com\/en\/la-societe\/\" \/>\n<meta property=\"og:site_name\" content=\"NYLE SOURCING\" \/>\n<meta property=\"article:modified_time\" content=\"2025-02-11T15:33:05+00:00\" \/>\n<meta property=\"og:image\" content=\"https:\/\/nylesourcing.com\/wp-content\/uploads\/2021\/12\/transportation-gfc6bfad99_1280.jpg\" \/>\n\t<meta property=\"og:image:width\" content=\"1280\" \/>\n\t<meta property=\"og:image:height\" content=\"853\" \/>\n\t<meta property=\"og:image:type\" content=\"image\/jpeg\" \/>\n<meta name=\"twitter:card\" content=\"summary_large_image\" \/>\n<meta name=\"twitter:label1\" content=\"Estimated reading time\" \/>\n\t<meta name=\"twitter:data1\" content=\"1 minute\" \/>\n<script type=\"application\/ld+json\" class=\"yoast-schema-graph\">{\"@context\":\"https:\\\/\\\/schema.org\",\"@graph\":[{\"@type\":\"WebPage\",\"@id\":\"https:\\\/\\\/nylesourcing.com\\\/la-societe\\\/\",\"url\":\"https:\\\/\\\/nylesourcing.com\\\/la-societe\\\/\",\"name\":\"La Soci\u00e9t\u00e9 - NYLE SOURCING -\",\"isPartOf\":{\"@id\":\"https:\\\/\\\/nylesourcing.com\\\/#website\"},\"primaryImageOfPage\":{\"@id\":\"https:\\\/\\\/nylesourcing.com\\\/la-societe\\\/#primaryimage\"},\"image\":{\"@id\":\"https:\\\/\\\/nylesourcing.com\\\/la-societe\\\/#primaryimage\"},\"thumbnailUrl\":\"https:\\\/\\\/nylesourcing.com\\\/wp-content\\\/uploads\\\/2021\\\/12\\\/transportation-gfc6bfad99_1280-1024x682.jpg\",\"datePublished\":\"2021-12-21T23:16:27+00:00\",\"dateModified\":\"2025-02-11T15:33:05+00:00\",\"description\":\"NYLE SOURCING, la soci\u00e9t\u00e9 qui sera votre facilitateur dans le cycle d\u2019approvisionnement en produits, jusqu\u2019\u00e0 la livraison dans vos locaux.\",\"breadcrumb\":{\"@id\":\"https:\\\/\\\/nylesourcing.com\\\/la-societe\\\/#breadcrumb\"},\"inLanguage\":\"en-GB\",\"potentialAction\":[{\"@type\":\"ReadAction\",\"target\":[\"https:\\\/\\\/nylesourcing.com\\\/la-societe\\\/\"]}]},{\"@type\":\"ImageObject\",\"inLanguage\":\"en-GB\",\"@id\":\"https:\\\/\\\/nylesourcing.com\\\/la-societe\\\/#primaryimage\",\"url\":\"https:\\\/\\\/nylesourcing.com\\\/wp-content\\\/uploads\\\/2021\\\/12\\\/transportation-gfc6bfad99_1280-1024x682.jpg\",\"contentUrl\":\"https:\\\/\\\/nylesourcing.com\\\/wp-content\\\/uploads\\\/2021\\\/12\\\/transportation-gfc6bfad99_1280-1024x682.jpg\"},{\"@type\":\"BreadcrumbList\",\"@id\":\"https:\\\/\\\/nylesourcing.com\\\/la-societe\\\/#breadcrumb\",\"itemListElement\":[{\"@type\":\"ListItem\",\"position\":1,\"name\":\"Accueil\",\"item\":\"https:\\\/\\\/nylesourcing.com\\\/\"},{\"@type\":\"ListItem\",\"position\":2,\"name\":\"La Soci\u00e9t\u00e9\"}]},{\"@type\":\"WebSite\",\"@id\":\"https:\\\/\\\/nylesourcing.com\\\/#website\",\"url\":\"https:\\\/\\\/nylesourcing.com\\\/\",\"name\":\"NYLE SOURCING\",\"description\":\"HONOR THE LINES THAT CONNECT US\",\"publisher\":{\"@id\":\"https:\\\/\\\/nylesourcing.com\\\/#organization\"},\"potentialAction\":[{\"@type\":\"SearchAction\",\"target\":{\"@type\":\"EntryPoint\",\"urlTemplate\":\"https:\\\/\\\/nylesourcing.com\\\/?s={search_term_string}\"},\"query-input\":{\"@type\":\"PropertyValueSpecification\",\"valueRequired\":true,\"valueName\":\"search_term_string\"}}],\"inLanguage\":\"en-GB\"},{\"@type\":\"Organization\",\"@id\":\"https:\\\/\\\/nylesourcing.com\\\/#organization\",\"name\":\"NYLE SOURCING\",\"url\":\"https:\\\/\\\/nylesourcing.com\\\/\",\"logo\":{\"@type\":\"ImageObject\",\"inLanguage\":\"en-GB\",\"@id\":\"https:\\\/\\\/nylesourcing.com\\\/#\\\/schema\\\/logo\\\/image\\\/\",\"url\":\"https:\\\/\\\/nylesourcing.com\\\/wp-content\\\/uploads\\\/2021\\\/12\\\/cropped-logo-nyle-sourcing.jpg\",\"contentUrl\":\"https:\\\/\\\/nylesourcing.com\\\/wp-content\\\/uploads\\\/2021\\\/12\\\/cropped-logo-nyle-sourcing.jpg\",\"width\":512,\"height\":512,\"caption\":\"NYLE SOURCING\"},\"image\":{\"@id\":\"https:\\\/\\\/nylesourcing.com\\\/#\\\/schema\\\/logo\\\/image\\\/\"}}]}<\/script>\n<!-- \/ Yoast SEO plugin. -->","yoast_head_json":{"title":"La Soci\u00e9t\u00e9 - NYLE SOURCING -","description":"NYLE SOURCING, la soci\u00e9t\u00e9 qui sera votre facilitateur dans le cycle d\u2019approvisionnement en produits, jusqu\u2019\u00e0 la livraison dans vos locaux.","robots":{"index":"index","follow":"follow","max-snippet":"max-snippet:-1","max-image-preview":"max-image-preview:large","max-video-preview":"max-video-preview:-1"},"canonical":"https:\/\/nylesourcing.com\/en\/la-societe\/","og_locale":"en_GB","og_type":"article","og_title":"La Soci\u00e9t\u00e9 - NYLE SOURCING -","og_description":"NYLE SOURCING, la soci\u00e9t\u00e9 qui sera votre facilitateur dans le cycle d\u2019approvisionnement en produits, jusqu\u2019\u00e0 la livraison dans vos locaux.","og_url":"https:\/\/nylesourcing.com\/en\/la-societe\/","og_site_name":"NYLE SOURCING","article_modified_time":"2025-02-11T15:33:05+00:00","og_image":[{"width":1280,"height":853,"url":"https:\/\/nylesourcing.com\/wp-content\/uploads\/2021\/12\/transportation-gfc6bfad99_1280.jpg","type":"image\/jpeg"}],"twitter_card":"summary_large_image","twitter_misc":{"Estimated reading time":"1 minute"},"schema":{"@context":"https:\/\/schema.org","@graph":[{"@type":"WebPage","@id":"https:\/\/nylesourcing.com\/la-societe\/","url":"https:\/\/nylesourcing.com\/la-societe\/","name":"La Soci\u00e9t\u00e9 - NYLE SOURCING -","isPartOf":{"@id":"https:\/\/nylesourcing.com\/#website"},"primaryImageOfPage":{"@id":"https:\/\/nylesourcing.com\/la-societe\/#primaryimage"},"image":{"@id":"https:\/\/nylesourcing.com\/la-societe\/#primaryimage"},"thumbnailUrl":"https:\/\/nylesourcing.com\/wp-content\/uploads\/2021\/12\/transportation-gfc6bfad99_1280-1024x682.jpg","datePublished":"2021-12-21T23:16:27+00:00","dateModified":"2025-02-11T15:33:05+00:00","description":"NYLE SOURCING, la soci\u00e9t\u00e9 qui sera votre facilitateur dans le cycle d\u2019approvisionnement en produits, jusqu\u2019\u00e0 la livraison dans vos locaux.","breadcrumb":{"@id":"https:\/\/nylesourcing.com\/la-societe\/#breadcrumb"},"inLanguage":"en-GB","potentialAction":[{"@type":"ReadAction","target":["https:\/\/nylesourcing.com\/la-societe\/"]}]},{"@type":"ImageObject","inLanguage":"en-GB","@id":"https:\/\/nylesourcing.com\/la-societe\/#primaryimage","url":"https:\/\/nylesourcing.com\/wp-content\/uploads\/2021\/12\/transportation-gfc6bfad99_1280-1024x682.jpg","contentUrl":"https:\/\/nylesourcing.com\/wp-content\/uploads\/2021\/12\/transportation-gfc6bfad99_1280-1024x682.jpg"},{"@type":"BreadcrumbList","@id":"https:\/\/nylesourcing.com\/la-societe\/#breadcrumb","itemListElement":[{"@type":"ListItem","position":1,"name":"Accueil","item":"https:\/\/nylesourcing.com\/"},{"@type":"ListItem","position":2,"name":"La Soci\u00e9t\u00e9"}]},{"@type":"WebSite","@id":"https:\/\/nylesourcing.com\/#website","url":"https:\/\/nylesourcing.com\/","name":"NYLE SOURCING","description":"HONOR THE LINES THAT CONNECT US","publisher":{"@id":"https:\/\/nylesourcing.com\/#organization"},"potentialAction":[{"@type":"SearchAction","target":{"@type":"EntryPoint","urlTemplate":"https:\/\/nylesourcing.com\/?s={search_term_string}"},"query-input":{"@type":"PropertyValueSpecification","valueRequired":true,"valueName":"search_term_string"}}],"inLanguage":"en-GB"},{"@type":"Organization","@id":"https:\/\/nylesourcing.com\/#organization","name":"NYLE SOURCING","url":"https:\/\/nylesourcing.com\/","logo":{"@type":"ImageObject","inLanguage":"en-GB","@id":"https:\/\/nylesourcing.com\/#\/schema\/logo\/image\/","url":"https:\/\/nylesourcing.com\/wp-content\/uploads\/2021\/12\/cropped-logo-nyle-sourcing.jpg","contentUrl":"https:\/\/nylesourcing.com\/wp-content\/uploads\/2021\/12\/cropped-logo-nyle-sourcing.jpg","width":512,"height":512,"caption":"NYLE SOURCING"},"image":{"@id":"https:\/\/nylesourcing.com\/#\/schema\/logo\/image\/"}}]}},"_links":{"self":[{"href":"https:\/\/nylesourcing.com\/en\/wp-json\/wp\/v2\/pages\/25","targetHints":{"allow":["GET"]}}],"collection":[{"href":"https:\/\/nylesourcing.com\/en\/wp-json\/wp\/v2\/pages"}],"about":[{"href":"https:\/\/nylesourcing.com\/en\/wp-json\/wp\/v2\/types\/page"}],"author":[{"embeddable":true,"href":"https:\/\/nylesourcing.com\/en\/wp-json\/wp\/v2\/users\/1"}],"replies":[{"embeddable":true,"href":"https:\/\/nylesourcing.com\/en\/wp-json\/wp\/v2\/comments?post=25"}],"version-history":[{"count":20,"href":"https:\/\/nylesourcing.com\/en\/wp-json\/wp\/v2\/pages\/25\/revisions"}],"predecessor-version":[{"id":307,"href":"https:\/\/nylesourcing.com\/en\/wp-json\/wp\/v2\/pages\/25\/revisions\/307"}],"wp:attachment":[{"href":"https:\/\/nylesourcing.com\/en\/wp-json\/wp\/v2\/media?parent=25"}],"curies":[{"name":"wp","href":"https:\/\/api.w.org\/{rel}","templated":true}]}}