{"id":191,"date":"2021-12-25T23:44:39","date_gmt":"2021-12-25T22:44:39","guid":{"rendered":"https:\/\/nylesourcing.com\/?page_id=191"},"modified":"2022-02-04T14:07:06","modified_gmt":"2022-02-04T13:07:06","slug":"mention-legale","status":"publish","type":"page","link":"https:\/\/nylesourcing.com\/en\/mention-legale\/","title":{"rendered":"Mentions L\u00e9gales"},"content":{"rendered":"<p>Conform\u00e9ment aux dispositions de la loi n\u00b0 2004-575 du 21 juin 2004 pour la confiance en l\u2019\u00e9conomie num\u00e9rique, il est pr\u00e9cis\u00e9 aux utilisateurs du Site l\u2019identit\u00e9 des diff\u00e9rents intervenants dans le cadre de sa r\u00e9alisation et de son suivi.<\/p>\n\n\n\n<p><br>La pr\u00e9sentation et le contenu du site sont la propri\u00e9t\u00e9 exclusive de NYLE SOURCING ou de tiers ayant autoris\u00e9 limitativement NYLE SOURCING \u00e0 les utiliser.<br>En cons\u00e9quence, toute utilisation totale ou partielle, copie, reproduction, publication, t\u00e9l\u00e9chargement, traduction, affichage, transmission ou diffusion de ce site sous quelque forme que ce soit, sans l&rsquo;autorisation expresse de NYLE SOURCING est interdite, sous r\u00e9serve d&rsquo;\u00eatre express\u00e9ment autoris\u00e9 par la loi applicable, \u00e0 l&rsquo;exception de l&rsquo;utilisation r\u00e9alis\u00e9e pour les besoins de la presse.<\/p>\n\n\n\n<p><strong>\u00c9dition du site <br><\/strong>NYLE SOURCING<\/p>\n\n\n\n<p><strong>Conception et d\u00e9veloppement<\/strong>: NYLE SOURCING &#8211; Collaboration de Sylvain CHANUSSOT, M\u00e9dard ATANNON.<\/p>\n\n\n\n<p><strong>H\u00e9bergeur<\/strong><br>Le site NYLE SOURCING est h\u00e9berg\u00e9 par la soci\u00e9t\u00e9<br>IONOS SARL &#8211; 7, place de la Gare&nbsp; &#8211; 57200 Sarreguemines \u2013 France <\/p>\n\n\n\n<p><\/p>\n\n\n\n<p><\/p>\n\n\n\n<p><\/p>\n\n\n\n<p><\/p>\n\n\n\n<p><\/p>\n\n\n\n<p><\/p>\n\n\n\n<p><\/p>\n\n\n\n<p><\/p>\n\n\n\n<p><\/p>","protected":false},"excerpt":{"rendered":"<p>Conform\u00e9ment aux dispositions de la loi n\u00b0 2004-575 du 21 juin 2004 pour la confiance en l\u2019\u00e9conomie num\u00e9rique, il est pr\u00e9cis\u00e9 aux utilisateurs du Site l\u2019identit\u00e9 des diff\u00e9rents intervenants dans le cadre de sa r\u00e9alisation et de son suivi. La pr\u00e9sentation et le contenu du site sont la propri\u00e9t\u00e9 exclusive de NYLE SOURCING ou de&#8230;<\/p>","protected":false},"author":1,"featured_media":0,"parent":0,"menu_order":0,"comment_status":"closed","ping_status":"closed","template":"","meta":{"_kad_post_transparent":"","_kad_post_title":"","_kad_post_layout":"","_kad_post_sidebar_id":"","_kad_post_content_style":"","_kad_post_vertical_padding":"","_kad_post_feature":"","_kad_post_feature_position":"","_kad_post_header":false,"_kad_post_footer":false,"_kad_post_classname":"","footnotes":""},"class_list":["post-191","page","type-page","status-publish","hentry"],"yoast_head":"<!-- This site is optimized with the Yoast SEO plugin v27.4 - https:\/\/yoast.com\/product\/yoast-seo-wordpress\/ -->\n<title>Mentions L\u00e9gales - NYLE SOURCING<\/title>\n<meta name=\"robots\" content=\"index, follow, max-snippet:-1, max-image-preview:large, max-video-preview:-1\" \/>\n<link rel=\"canonical\" href=\"https:\/\/nylesourcing.com\/en\/mention-legale\/\" \/>\n<meta property=\"og:locale\" content=\"en_GB\" \/>\n<meta property=\"og:type\" content=\"article\" \/>\n<meta property=\"og:title\" content=\"Mentions L\u00e9gales - NYLE SOURCING\" \/>\n<meta property=\"og:description\" content=\"Conform\u00e9ment aux dispositions de la loi n\u00b0 2004-575 du 21 juin 2004 pour la confiance en l\u2019\u00e9conomie num\u00e9rique, il est pr\u00e9cis\u00e9 aux utilisateurs du Site l\u2019identit\u00e9 des diff\u00e9rents intervenants dans le cadre de sa r\u00e9alisation et de son suivi. La pr\u00e9sentation et le contenu du site sont la propri\u00e9t\u00e9 exclusive de NYLE SOURCING ou de...\" \/>\n<meta property=\"og:url\" content=\"https:\/\/nylesourcing.com\/en\/mention-legale\/\" \/>\n<meta property=\"og:site_name\" content=\"NYLE SOURCING\" \/>\n<meta property=\"article:modified_time\" content=\"2022-02-04T13:07:06+00:00\" \/>\n<meta name=\"twitter:card\" content=\"summary_large_image\" \/>\n<meta name=\"twitter:label1\" content=\"Estimated reading time\" \/>\n\t<meta name=\"twitter:data1\" content=\"1 minute\" \/>\n<script type=\"application\/ld+json\" class=\"yoast-schema-graph\">{\"@context\":\"https:\\\/\\\/schema.org\",\"@graph\":[{\"@type\":\"WebPage\",\"@id\":\"https:\\\/\\\/nylesourcing.com\\\/mention-legale\\\/\",\"url\":\"https:\\\/\\\/nylesourcing.com\\\/mention-legale\\\/\",\"name\":\"Mentions L\u00e9gales - NYLE SOURCING\",\"isPartOf\":{\"@id\":\"https:\\\/\\\/nylesourcing.com\\\/#website\"},\"datePublished\":\"2021-12-25T22:44:39+00:00\",\"dateModified\":\"2022-02-04T13:07:06+00:00\",\"breadcrumb\":{\"@id\":\"https:\\\/\\\/nylesourcing.com\\\/mention-legale\\\/#breadcrumb\"},\"inLanguage\":\"en-GB\",\"potentialAction\":[{\"@type\":\"ReadAction\",\"target\":[\"https:\\\/\\\/nylesourcing.com\\\/mention-legale\\\/\"]}]},{\"@type\":\"BreadcrumbList\",\"@id\":\"https:\\\/\\\/nylesourcing.com\\\/mention-legale\\\/#breadcrumb\",\"itemListElement\":[{\"@type\":\"ListItem\",\"position\":1,\"name\":\"Accueil\",\"item\":\"https:\\\/\\\/nylesourcing.com\\\/\"},{\"@type\":\"ListItem\",\"position\":2,\"name\":\"Mentions L\u00e9gales\"}]},{\"@type\":\"WebSite\",\"@id\":\"https:\\\/\\\/nylesourcing.com\\\/#website\",\"url\":\"https:\\\/\\\/nylesourcing.com\\\/\",\"name\":\"NYLE SOURCING\",\"description\":\"HONOR THE LINES THAT CONNECT US\",\"publisher\":{\"@id\":\"https:\\\/\\\/nylesourcing.com\\\/#organization\"},\"potentialAction\":[{\"@type\":\"SearchAction\",\"target\":{\"@type\":\"EntryPoint\",\"urlTemplate\":\"https:\\\/\\\/nylesourcing.com\\\/?s={search_term_string}\"},\"query-input\":{\"@type\":\"PropertyValueSpecification\",\"valueRequired\":true,\"valueName\":\"search_term_string\"}}],\"inLanguage\":\"en-GB\"},{\"@type\":\"Organization\",\"@id\":\"https:\\\/\\\/nylesourcing.com\\\/#organization\",\"name\":\"NYLE SOURCING\",\"url\":\"https:\\\/\\\/nylesourcing.com\\\/\",\"logo\":{\"@type\":\"ImageObject\",\"inLanguage\":\"en-GB\",\"@id\":\"https:\\\/\\\/nylesourcing.com\\\/#\\\/schema\\\/logo\\\/image\\\/\",\"url\":\"https:\\\/\\\/nylesourcing.com\\\/wp-content\\\/uploads\\\/2021\\\/12\\\/cropped-logo-nyle-sourcing.jpg\",\"contentUrl\":\"https:\\\/\\\/nylesourcing.com\\\/wp-content\\\/uploads\\\/2021\\\/12\\\/cropped-logo-nyle-sourcing.jpg\",\"width\":512,\"height\":512,\"caption\":\"NYLE SOURCING\"},\"image\":{\"@id\":\"https:\\\/\\\/nylesourcing.com\\\/#\\\/schema\\\/logo\\\/image\\\/\"}}]}<\/script>\n<!-- \/ Yoast SEO plugin. -->","yoast_head_json":{"title":"Mentions L\u00e9gales - NYLE SOURCING","robots":{"index":"index","follow":"follow","max-snippet":"max-snippet:-1","max-image-preview":"max-image-preview:large","max-video-preview":"max-video-preview:-1"},"canonical":"https:\/\/nylesourcing.com\/en\/mention-legale\/","og_locale":"en_GB","og_type":"article","og_title":"Mentions L\u00e9gales - NYLE SOURCING","og_description":"Conform\u00e9ment aux dispositions de la loi n\u00b0 2004-575 du 21 juin 2004 pour la confiance en l\u2019\u00e9conomie num\u00e9rique, il est pr\u00e9cis\u00e9 aux utilisateurs du Site l\u2019identit\u00e9 des diff\u00e9rents intervenants dans le cadre de sa r\u00e9alisation et de son suivi. La pr\u00e9sentation et le contenu du site sont la propri\u00e9t\u00e9 exclusive de NYLE SOURCING ou de...","og_url":"https:\/\/nylesourcing.com\/en\/mention-legale\/","og_site_name":"NYLE SOURCING","article_modified_time":"2022-02-04T13:07:06+00:00","twitter_card":"summary_large_image","twitter_misc":{"Estimated reading time":"1 minute"},"schema":{"@context":"https:\/\/schema.org","@graph":[{"@type":"WebPage","@id":"https:\/\/nylesourcing.com\/mention-legale\/","url":"https:\/\/nylesourcing.com\/mention-legale\/","name":"Mentions L\u00e9gales - NYLE SOURCING","isPartOf":{"@id":"https:\/\/nylesourcing.com\/#website"},"datePublished":"2021-12-25T22:44:39+00:00","dateModified":"2022-02-04T13:07:06+00:00","breadcrumb":{"@id":"https:\/\/nylesourcing.com\/mention-legale\/#breadcrumb"},"inLanguage":"en-GB","potentialAction":[{"@type":"ReadAction","target":["https:\/\/nylesourcing.com\/mention-legale\/"]}]},{"@type":"BreadcrumbList","@id":"https:\/\/nylesourcing.com\/mention-legale\/#breadcrumb","itemListElement":[{"@type":"ListItem","position":1,"name":"Accueil","item":"https:\/\/nylesourcing.com\/"},{"@type":"ListItem","position":2,"name":"Mentions L\u00e9gales"}]},{"@type":"WebSite","@id":"https:\/\/nylesourcing.com\/#website","url":"https:\/\/nylesourcing.com\/","name":"NYLE SOURCING","description":"HONOR THE LINES THAT CONNECT US","publisher":{"@id":"https:\/\/nylesourcing.com\/#organization"},"potentialAction":[{"@type":"SearchAction","target":{"@type":"EntryPoint","urlTemplate":"https:\/\/nylesourcing.com\/?s={search_term_string}"},"query-input":{"@type":"PropertyValueSpecification","valueRequired":true,"valueName":"search_term_string"}}],"inLanguage":"en-GB"},{"@type":"Organization","@id":"https:\/\/nylesourcing.com\/#organization","name":"NYLE SOURCING","url":"https:\/\/nylesourcing.com\/","logo":{"@type":"ImageObject","inLanguage":"en-GB","@id":"https:\/\/nylesourcing.com\/#\/schema\/logo\/image\/","url":"https:\/\/nylesourcing.com\/wp-content\/uploads\/2021\/12\/cropped-logo-nyle-sourcing.jpg","contentUrl":"https:\/\/nylesourcing.com\/wp-content\/uploads\/2021\/12\/cropped-logo-nyle-sourcing.jpg","width":512,"height":512,"caption":"NYLE SOURCING"},"image":{"@id":"https:\/\/nylesourcing.com\/#\/schema\/logo\/image\/"}}]}},"_links":{"self":[{"href":"https:\/\/nylesourcing.com\/en\/wp-json\/wp\/v2\/pages\/191","targetHints":{"allow":["GET"]}}],"collection":[{"href":"https:\/\/nylesourcing.com\/en\/wp-json\/wp\/v2\/pages"}],"about":[{"href":"https:\/\/nylesourcing.com\/en\/wp-json\/wp\/v2\/types\/page"}],"author":[{"embeddable":true,"href":"https:\/\/nylesourcing.com\/en\/wp-json\/wp\/v2\/users\/1"}],"replies":[{"embeddable":true,"href":"https:\/\/nylesourcing.com\/en\/wp-json\/wp\/v2\/comments?post=191"}],"version-history":[{"count":5,"href":"https:\/\/nylesourcing.com\/en\/wp-json\/wp\/v2\/pages\/191\/revisions"}],"predecessor-version":[{"id":268,"href":"https:\/\/nylesourcing.com\/en\/wp-json\/wp\/v2\/pages\/191\/revisions\/268"}],"wp:attachment":[{"href":"https:\/\/nylesourcing.com\/en\/wp-json\/wp\/v2\/media?parent=191"}],"curies":[{"name":"wp","href":"https:\/\/api.w.org\/{rel}","templated":true}]}}